{"id":22,"date":"2025-11-13T13:30:27","date_gmt":"2025-11-13T13:30:27","guid":{"rendered":"https:\/\/lacasaluimoscraciun.ro\/?page_id=22"},"modified":"2025-11-14T15:16:43","modified_gmt":"2025-11-14T15:16:43","slug":"contact","status":"publish","type":"page","link":"https:\/\/lacasaluimoscraciun.ro\/index.php\/contact\/","title":{"rendered":"Contact"},"content":{"rendered":"<p>[et_pb_section fb_built=&#8221;1&#8243; admin_label=&#8221;Contact Info&#8221; _builder_version=&#8221;4.25.1&#8243; _module_preset=&#8221;default&#8221; collapsed=&#8221;on&#8221; global_colors_info=&#8221;{}&#8221;][et_pb_row column_structure=&#8221;1_3,1_3,1_3&#8243; make_equal=&#8221;on&#8221; _builder_version=&#8221;4.27.4&#8243; _module_preset=&#8221;default&#8221; global_colors_info=&#8221;{}&#8221;][et_pb_column type=&#8221;1_3&#8243; _builder_version=&#8221;4.25.1&#8243; _module_preset=&#8221;50607da8-57bc-4d4b-aaef-f02e41c2cc4a&#8221; global_colors_info=&#8221;{}&#8221;][et_pb_blurb title=&#8221;Num\u0103r de contact&#8221; icon_alignment=&#8221;center&#8221; module_class=&#8221;ai_ignore_all&#8221; _builder_version=&#8221;4.27.4&#8243; _module_preset=&#8221;212b201d-2c34-41bd-936c-851b7357d08b&#8221; text_orientation=&#8221;center&#8221; global_colors_info=&#8221;{}&#8221;]<\/p>\n<p>0767 051 232<\/p>\n<p>[\/et_pb_blurb][\/et_pb_column][et_pb_column type=&#8221;1_3&#8243; _builder_version=&#8221;4.25.1&#8243; _module_preset=&#8221;50607da8-57bc-4d4b-aaef-f02e41c2cc4a&#8221; global_colors_info=&#8221;{}&#8221;][et_pb_blurb title=&#8221;Email&#8221; icon_alignment=&#8221;center&#8221; module_class=&#8221;ai_ignore_all&#8221; _builder_version=&#8221;4.27.4&#8243; _module_preset=&#8221;212b201d-2c34-41bd-936c-851b7357d08b&#8221; text_orientation=&#8221;center&#8221; custom_margin=&#8221;|||1px||&#8221; custom_padding=&#8221;|0px||||&#8221; locked=&#8221;off&#8221; global_colors_info=&#8221;{}&#8221;]<\/p>\n<p><span id=\"account-name_lacasaluimoscraciun@murani.ro\" class=\"account-name collapse-text\">lacasaluimoscraciun<br \/>@murani.ro<\/span><\/p>\n<p>[\/et_pb_blurb][\/et_pb_column][et_pb_column type=&#8221;1_3&#8243; _builder_version=&#8221;4.25.1&#8243; _module_preset=&#8221;50607da8-57bc-4d4b-aaef-f02e41c2cc4a&#8221; global_colors_info=&#8221;{}&#8221;][et_pb_blurb title=&#8221;Adres\u0103&#8221; icon_alignment=&#8221;center&#8221; module_class=&#8221;ai_ignore_all&#8221; _builder_version=&#8221;4.27.4&#8243; _module_preset=&#8221;212b201d-2c34-41bd-936c-851b7357d08b&#8221; text_orientation=&#8221;center&#8221; locked=&#8221;off&#8221; global_colors_info=&#8221;{}&#8221;]<\/p>\n<p>160 Murani, Timi\u0219<\/p>\n<p>[\/et_pb_blurb][\/et_pb_column][\/et_pb_row][\/et_pb_section][et_pb_section fb_built=&#8221;1&#8243; admin_label=&#8221;Appointment Booking&#8221; _builder_version=&#8221;4.24.3&#8243; _module_preset=&#8221;default&#8221; background_color=&#8221;gcid-primary-color&#8221; locked=&#8221;off&#8221; collapsed=&#8221;on&#8221; global_colors_info=&#8221;{%22gcid-primary-color%22:%91%22background_color%22%93}&#8221;][\/et_pb_section][et_pb_section fb_built=&#8221;1&#8243; admin_label=&#8221;Event Details&#8221; _builder_version=&#8221;4.25.1&#8243; _module_preset=&#8221;default&#8221; collapsed=&#8221;on&#8221; global_colors_info=&#8221;{}&#8221;][et_pb_row column_structure=&#8221;2_3,1_3&#8243; _builder_version=&#8221;4.25.1&#8243; _module_preset=&#8221;default&#8221; locked=&#8221;off&#8221; global_colors_info=&#8221;{}&#8221;][et_pb_column type=&#8221;2_3&#8243; _builder_version=&#8221;4.25.1&#8243; _module_preset=&#8221;default&#8221; global_colors_info=&#8221;{}&#8221;][et_pb_heading title=&#8221;Descoperi\u021bi magia \u00eent\u00e2lnirilor cu Mo\u0219 Cr\u0103ciun&#8221; _builder_version=&#8221;4.27.4&#8243; _module_preset=&#8221;c33f07d9-41e0-421a-8799-5799df695cce&#8221; global_colors_info=&#8221;{}&#8221;][\/et_pb_heading][et_pb_image src=&#8221;https:\/\/images.unsplash.com\/photo-1760401726958-413bb63ae211?ixid=M3w1ODkyNzF8MHwxfHNlYXJjaHwzfHxmYW1pbHklMjBnYXRoZXJpbmclMjB3aW50ZXJ8ZW58MHwwfHx8MTc2MzA0MDUyN3ww&#038;ixlib=rb-4.1.0&#038;fm=webp&#038;fit=crop&#038;crop=entropy&#038;w=1080&#038;h=600&#038;q=20&#038;dpr=2&#8243; title_text=&#8221;1080&#215;600&#8243; _builder_version=&#8221;4.25.1&#8243; _module_preset=&#8221;default&#8221; global_colors_info=&#8221;{}&#8221;][\/et_pb_image][et_pb_text _builder_version=&#8221;4.25.1&#8243; _module_preset=&#8221;2c55a9c4-feed-423b-9edb-ae0b5b365cac&#8221; global_colors_info=&#8221;{}&#8221;]<\/p>\n<article class=\"text-token-text-primary w-full focus:outline-none [--shadow-height:45px] has-data-writing-block:pointer-events-none has-data-writing-block:-mt-(--shadow-height) has-data-writing-block:pt-(--shadow-height) [&amp;:has([data-writing-block])&gt;*]:pointer-events-auto [content-visibility:auto] supports-[content-visibility:auto]:[contain-intrinsic-size:auto_100lvh] scroll-mt-[calc(var(--header-height)+min(200px,max(70px,20svh)))]\" dir=\"auto\" data-turn-id=\"request-6915db17-a4cc-8327-8c7b-99318f75157f-43\" data-testid=\"conversation-turn-92\" data-scroll-anchor=\"true\" data-turn=\"assistant\" tabindex=\"-1\">\n<div class=\"text-base my-auto mx-auto pb-10 [--thread-content-margin:--spacing(4)] thread-sm:[--thread-content-margin:--spacing(6)] thread-lg:[--thread-content-margin:--spacing(16)] px-(--thread-content-margin)\">\n<div class=\"[--thread-content-max-width:40rem] thread-lg:[--thread-content-max-width:48rem] mx-auto max-w-(--thread-content-max-width) flex-1 group\/turn-messages focus-visible:outline-hidden relative flex w-full min-w-0 flex-col agent-turn\" tabindex=\"-1\">\n<div class=\"flex max-w-full flex-col grow\">\n<div data-message-author-role=\"assistant\" data-message-id=\"d207cd4c-1430-4811-bc6a-5c0ef206d249\" dir=\"auto\" class=\"min-h-8 text-message relative flex w-full flex-col items-end gap-2 text-start break-words whitespace-normal [.text-message+&amp;]:mt-1\" data-message-model-slug=\"gpt-5-1\">\n<div class=\"flex w-full flex-col gap-1 empty:hidden first:pt-[1px]\">\n<div class=\"markdown prose dark:prose-invert w-full break-words dark markdown-new-styling\">\n<p data-start=\"0\" data-end=\"381\" data-is-last-node=\"\" data-is-only-node=\"\">Al\u0103tura\u021bi-v\u0103 nou\u0103 pentru o experien\u021b\u0103 fermec\u0103toare la <strong data-start=\"54\" data-end=\"81\">La Casa lui Mo\u0219 Cr\u0103ciun<\/strong>, unde spiritul Cr\u0103ciunului prinde via\u021b\u0103. Evenimentele noastre au loc zilnic \u00eentre <strong data-start=\"164\" data-end=\"190\">1 \u0219i 24 decembrie 2025<\/strong>, oferind o c\u0103l\u0103torie magic\u0103 pentru \u00eentreaga familie. Bucura\u021bi-v\u0103 de activit\u0103\u021bi precum fotografii cu Mo\u0219 Cr\u0103ciun, pove\u0219ti de iarn\u0103 \u0219i ateliere creative de Cr\u0103ciun, toate \u00eentr-un decor festiv.<\/p>\n<\/div>\n<\/div>\n<\/div>\n<\/div>\n<div class=\"z-0 flex min-h-[46px] justify-start\"><\/div>\n<\/div>\n<\/div>\n<\/article>\n<div aria-hidden=\"true\" data-edge=\"true\" class=\"pointer-events-none h-px w-px\"><\/div>\n<p>[\/et_pb_text][\/et_pb_column][et_pb_column type=&#8221;1_3&#8243; _builder_version=&#8221;4.25.1&#8243; _module_preset=&#8221;50607da8-57bc-4d4b-aaef-f02e41c2cc4a&#8221; global_colors_info=&#8221;{}&#8221;][et_pb_heading title=&#8221;Data&#8221; module_class=&#8221;ai_ignore_all&#8221; _builder_version=&#8221;4.27.4&#8243; _module_preset=&#8221;a3805066-8711-43c7-9f62-5782da0e9f7a&#8221; custom_margin=&#8221;||0px||false|false&#8221; locked=&#8221;off&#8221; global_colors_info=&#8221;{}&#8221;][\/et_pb_heading][et_pb_text module_class=&#8221;ai_ignore_all&#8221; _builder_version=&#8221;4.27.4&#8243; _module_preset=&#8221;2c55a9c4-feed-423b-9edb-ae0b5b365cac&#8221; locked=&#8221;off&#8221; global_colors_info=&#8221;{}&#8221;]<\/p>\n<p>1 Decembrie &#8211; 24 Decembrie, 2025<\/p>\n<p>[\/et_pb_text][et_pb_heading title=&#8221;\u00centre orele&#8221; module_class=&#8221;ai_ignore_all&#8221; _builder_version=&#8221;4.27.4&#8243; _module_preset=&#8221;a3805066-8711-43c7-9f62-5782da0e9f7a&#8221; custom_margin=&#8221;||0px||false|false&#8221; locked=&#8221;off&#8221; global_colors_info=&#8221;{}&#8221;][\/et_pb_heading][et_pb_text module_class=&#8221;ai_ignore_all&#8221; _builder_version=&#8221;4.27.4&#8243; _module_preset=&#8221;2c55a9c4-feed-423b-9edb-ae0b5b365cac&#8221; locked=&#8221;off&#8221; global_colors_info=&#8221;{}&#8221;]<\/p>\n<p>10:00 &#8211; 20:00<\/p>\n<p>[\/et_pb_text][et_pb_heading title=&#8221;Loca\u021bie&#8221; module_class=&#8221;ai_ignore_all&#8221; _builder_version=&#8221;4.27.4&#8243; _module_preset=&#8221;a3805066-8711-43c7-9f62-5782da0e9f7a&#8221; custom_margin=&#8221;||0px||false|false&#8221; locked=&#8221;off&#8221; global_colors_info=&#8221;{}&#8221;][\/et_pb_heading][et_pb_text module_class=&#8221;ai_ignore_all&#8221; _builder_version=&#8221;4.27.4&#8243; _module_preset=&#8221;2c55a9c4-feed-423b-9edb-ae0b5b365cac&#8221; locked=&#8221;off&#8221; global_colors_info=&#8221;{}&#8221;]<\/p>\n<p>160 Murani, Timi\u0219<\/p>\n<p>[\/et_pb_text][\/et_pb_column][\/et_pb_row][\/et_pb_section]<\/p>\n","protected":false},"excerpt":{"rendered":"<p>0767 051 232lacasaluimoscraciun@murani.ro160 Murani, Timi\u0219 Al\u0103tura\u021bi-v\u0103 nou\u0103 pentru o experien\u021b\u0103 fermec\u0103toare la La Casa lui Mo\u0219 Cr\u0103ciun, unde spiritul Cr\u0103ciunului prinde via\u021b\u0103. Evenimentele noastre au loc zilnic \u00eentre 1 \u0219i 24 decembrie 2025, oferind o c\u0103l\u0103torie magic\u0103 pentru \u00eentreaga familie. Bucura\u021bi-v\u0103 de activit\u0103\u021bi precum fotografii cu Mo\u0219 Cr\u0103ciun, pove\u0219ti de iarn\u0103 \u0219i ateliere creative de [&hellip;]<\/p>\n","protected":false},"author":1,"featured_media":0,"parent":0,"menu_order":0,"comment_status":"closed","ping_status":"closed","template":"","meta":{"_et_pb_use_builder":"on","_et_pb_old_content":"","_et_gb_content_width":"","footnotes":""},"class_list":["post-22","page","type-page","status-publish","hentry"],"_links":{"self":[{"href":"https:\/\/lacasaluimoscraciun.ro\/index.php\/wp-json\/wp\/v2\/pages\/22","targetHints":{"allow":["GET"]}}],"collection":[{"href":"https:\/\/lacasaluimoscraciun.ro\/index.php\/wp-json\/wp\/v2\/pages"}],"about":[{"href":"https:\/\/lacasaluimoscraciun.ro\/index.php\/wp-json\/wp\/v2\/types\/page"}],"author":[{"embeddable":true,"href":"https:\/\/lacasaluimoscraciun.ro\/index.php\/wp-json\/wp\/v2\/users\/1"}],"replies":[{"embeddable":true,"href":"https:\/\/lacasaluimoscraciun.ro\/index.php\/wp-json\/wp\/v2\/comments?post=22"}],"version-history":[{"count":3,"href":"https:\/\/lacasaluimoscraciun.ro\/index.php\/wp-json\/wp\/v2\/pages\/22\/revisions"}],"predecessor-version":[{"id":92,"href":"https:\/\/lacasaluimoscraciun.ro\/index.php\/wp-json\/wp\/v2\/pages\/22\/revisions\/92"}],"wp:attachment":[{"href":"https:\/\/lacasaluimoscraciun.ro\/index.php\/wp-json\/wp\/v2\/media?parent=22"}],"curies":[{"name":"wp","href":"https:\/\/api.w.org\/{rel}","templated":true}]}}